{"id":681,"date":"2022-02-22T17:23:49","date_gmt":"2022-02-22T15:23:49","guid":{"rendered":"https:\/\/panere.ro\/contact\/"},"modified":"2022-02-22T17:23:50","modified_gmt":"2022-02-22T15:23:50","slug":"contact","status":"publish","type":"page","link":"https:\/\/panere.ro\/en\/contact\/","title":{"rendered":"Contact"},"content":{"rendered":"\t\t<div data-elementor-type=\"wp-page\" data-elementor-id=\"681\" class=\"elementor elementor-681 elementor-275\" data-elementor-settings=\"[]\">\n\t\t\t\t\t\t\t<div class=\"elementor-section-wrap\">\n\t\t\t\t\t\t\t<section class=\"elementor-section elementor-top-section elementor-element elementor-element-223b7282 elementor-section-height-min-height elementor-section-boxed elementor-section-height-default elementor-section-items-middle\" data-id=\"223b7282\" data-element_type=\"section\" data-settings=\"{&quot;background_background&quot;:&quot;classic&quot;}\">\n\t\t\t\t\t\t\t<div class=\"elementor-background-overlay\"><\/div>\n\t\t\t\t\t\t\t<div class=\"elementor-container elementor-column-gap-default\">\n\t\t\t\t\t<div class=\"elementor-column elementor-col-100 elementor-top-column elementor-element elementor-element-28ca78\" data-id=\"28ca78\" data-element_type=\"column\">\n\t\t\t<div class=\"elementor-widget-wrap elementor-element-populated\">\n\t\t\t\t\t\t\t\t<div class=\"elementor-element elementor-element-73c4e550 elementor-widget elementor-widget-heading\" data-id=\"73c4e550\" data-element_type=\"widget\" data-widget_type=\"heading.default\">\n\t\t\t\t<div class=\"elementor-widget-container\">\n\t\t\t<h3 class=\"elementor-heading-title elementor-size-default\">Contact<\/h3>\t\t<\/div>\n\t\t\t\t<\/div>\n\t\t\t\t<div class=\"elementor-element elementor-element-7fda739b elementor-widget elementor-widget-text-editor\" data-id=\"7fda739b\" data-element_type=\"widget\" data-widget_type=\"text-editor.default\">\n\t\t\t\t<div class=\"elementor-widget-container\">\n\t\t\t\t\t\t\t<p><a href=\"#\">Home<\/a> &gt; Contact<\/p>\n\t\t\t\t\t\t<\/div>\n\t\t\t\t<\/div>\n\t\t\t\t\t<\/div>\n\t\t<\/div>\n\t\t\t\t\t\t\t<\/div>\n\t\t<\/section>\n\t\t\t\t<section class=\"elementor-section elementor-top-section elementor-element elementor-element-75d0726f elementor-section-boxed elementor-section-height-default elementor-section-height-default\" data-id=\"75d0726f\" data-element_type=\"section\">\n\t\t\t\t\t\t<div class=\"elementor-container elementor-column-gap-default\">\n\t\t\t\t\t<div class=\"elementor-column elementor-col-100 elementor-top-column elementor-element elementor-element-69ccf994\" data-id=\"69ccf994\" data-element_type=\"column\">\n\t\t\t<div class=\"elementor-widget-wrap elementor-element-populated\">\n\t\t\t\t\t\t\t\t<div class=\"elementor-element elementor-element-3cac8fb6 elementor-widget elementor-widget-heading\" data-id=\"3cac8fb6\" data-element_type=\"widget\" data-widget_type=\"heading.default\">\n\t\t\t\t<div class=\"elementor-widget-container\">\n\t\t\t<h3 class=\"elementor-heading-title elementor-size-default\">Contact us<\/h3>\t\t<\/div>\n\t\t\t\t<\/div>\n\t\t\t\t<div class=\"elementor-element elementor-element-37be6f26 elementor-widget elementor-widget-text-editor\" data-id=\"37be6f26\" data-element_type=\"widget\" data-widget_type=\"text-editor.default\">\n\t\t\t\t<div class=\"elementor-widget-container\">\n\t\t\t\t\t\t\t<p>You can always find us at contact@panere.ro<\/p>\n<p>Or you can call: +40 740 025216<\/p>\n<p>Most of the time, we are to be found in our orchard in Cotnari, Ia\u0219i.<\/p>\n\t\t\t\t\t\t<\/div>\n\t\t\t\t<\/div>\n\t\t\t\t<div class=\"elementor-element elementor-element-5775f86c elementor-widget elementor-widget-spacer\" data-id=\"5775f86c\" data-element_type=\"widget\" data-widget_type=\"spacer.default\">\n\t\t\t\t<div class=\"elementor-widget-container\">\n\t\t\t\t\t<div class=\"elementor-spacer\">\n\t\t\t<div class=\"elementor-spacer-inner\"><\/div>\n\t\t<\/div>\n\t\t\t\t<\/div>\n\t\t\t\t<\/div>\n\t\t\t\t\t<\/div>\n\t\t<\/div>\n\t\t\t\t\t\t\t<\/div>\n\t\t<\/section>\n\t\t\t\t\t\t<\/div>\n\t\t\t\t\t<\/div>\n\t\t","protected":false},"excerpt":{"rendered":"<p>Contact Home &gt; Contact Contact us You can always find us at contact@panere.ro Or you can call: +40 740 025216 Most of the time, we are to be found in our orchard in Cotnari, Ia\u0219i.<\/p>\n","protected":false},"author":1,"featured_media":0,"parent":0,"menu_order":0,"comment_status":"closed","ping_status":"closed","template":"","meta":{"spay_email":""},"jetpack-related-posts":[{"id":693,"url":"https:\/\/panere.ro\/en\/parteneri\/","url_meta":{"origin":681,"position":0},"title":"Parteneri","date":"22 February 2022","format":false,"excerpt":"Partners Home > Partners Internal Our fruits are delivered in bulk and packaged to most major store chains in Romania - Auchan, Kaufland, Lidl, Mega Image, Metro, Penny, Profi and Selgros. We also work with local and national distributors to get our fruits in stores and convenience stores across the\u2026","rel":"","context":"Similar post","img":{"alt_text":"","src":"","width":0,"height":0},"classes":[]},{"id":275,"url":"https:\/\/panere.ro\/contact\/","url_meta":{"origin":681,"position":1},"title":"Contact","date":"1 December 2021","format":false,"excerpt":"Contact Home > Contact Contacta\u021bi-ne Ne g\u0103si\u021bi la contact@panere.roSau la telefon: +40 740 025216Sau direct \u00een livada noastr\u0103 din Cotnari, jud. Ia\u0219i","rel":"","context":"Similar post","img":{"alt_text":"","src":"","width":0,"height":0},"classes":[]},{"id":697,"url":"https:\/\/panere.ro\/en\/the-story\/","url_meta":{"origin":681,"position":2},"title":"The Story","date":"22 February 2022","format":false,"excerpt":"The Story Home > The Story More about us Our story began 20 years ago and continues with each season Panere is a registered trademark of Cerasus Grup, a producer organization with 105 ha of cherry, apple, pear and plum orchards located in Cotnari, Ia\u0219i, Romania. Contact us Panere is\u2026","rel":"","context":"Similar post","img":{"alt_text":"","src":"https:\/\/i2.wp.com\/panere.ro\/wp-content\/uploads\/2021\/12\/Element-Panere.png?fit=800%2C800&resize=350%2C200","width":350,"height":200},"classes":[]},{"id":269,"url":"https:\/\/panere.ro\/povestea\/","url_meta":{"origin":681,"position":3},"title":"Povestea","date":"1 December 2021","format":false,"excerpt":"Povestea Home > Povestea Panere Mai multe despre noi Povestea noastr\u0103 \u00eencepe acum 20 de ani \u0219i continu\u0103 cu fiecare anotimp Panere este marca \u00eenregistrat\u0103 a Cerasus Grup, organiza\u021bie de produc\u0103tori cu 105 ha de livezi de cire\u0219e, mere, pere \u0219i prune localizat\u0103 \u00een Cotnari, Ia\u0219i, Rom\u00e2nia. Contacta\u021bi-ne Panere este\u2026","rel":"","context":"Similar post","img":{"alt_text":"","src":"https:\/\/i0.wp.com\/panere.ro\/wp-content\/uploads\/2021\/12\/Element-Panere-1024x1024.png?resize=350%2C200&ssl=1","width":350,"height":200},"classes":[]},{"id":2,"url":"https:\/\/panere.ro\/sample-page\/","url_meta":{"origin":681,"position":4},"title":"Sample Page","date":"15 November 2021","format":false,"excerpt":"This is an example page. It's different from a blog post because it will stay in one place and will show up in your site navigation (in most themes). Most people start with an About page that introduces them to potential site visitors. It might say something like this: Hi\u2026","rel":"","context":"Similar post","img":{"alt_text":"","src":"","width":0,"height":0},"classes":[]},{"id":683,"url":"https:\/\/panere.ro\/en\/events\/","url_meta":{"origin":681,"position":5},"title":"Events","date":"22 February 2022","format":false,"excerpt":"Events Home > Events We are involved in the local communities we belong to and we like to take part in organizing or supporting the gastronomic, cultural, sporting and social events we believe in. Our own events 4 editions of Moldova Brunch - gastronomic event with about 100 participants \u201dCooking\u2026","rel":"","context":"Similar post","img":{"alt_text":"","src":"https:\/\/i1.wp.com\/panere.ro\/wp-content\/uploads\/2022\/02\/242723797_3034615010121150_4044604895588207921_n-scaled.jpg?resize=350%2C200&ssl=1","width":350,"height":200},"classes":[]}],"_links":{"self":[{"href":"https:\/\/panere.ro\/en\/wp-json\/wp\/v2\/pages\/681"}],"collection":[{"href":"https:\/\/panere.ro\/en\/wp-json\/wp\/v2\/pages"}],"about":[{"href":"https:\/\/panere.ro\/en\/wp-json\/wp\/v2\/types\/page"}],"author":[{"embeddable":true,"href":"https:\/\/panere.ro\/en\/wp-json\/wp\/v2\/users\/1"}],"replies":[{"embeddable":true,"href":"https:\/\/panere.ro\/en\/wp-json\/wp\/v2\/comments?post=681"}],"version-history":[{"count":0,"href":"https:\/\/panere.ro\/en\/wp-json\/wp\/v2\/pages\/681\/revisions"}],"wp:attachment":[{"href":"https:\/\/panere.ro\/en\/wp-json\/wp\/v2\/media?parent=681"}],"curies":[{"name":"wp","href":"https:\/\/api.w.org\/{rel}","templated":true}]}}